{"id":25,"date":"2024-01-03T18:12:57","date_gmt":"2024-01-03T18:12:57","guid":{"rendered":"https:\/\/www.bachilleratopedroarrupesj.mx\/?page_id=25"},"modified":"2024-01-03T19:53:15","modified_gmt":"2024-01-03T19:53:15","slug":"pedro-arrupe","status":"publish","type":"page","link":"https:\/\/www.bachilleratopedroarrupesj.mx\/index.php\/pedro-arrupe\/","title":{"rendered":"pedro arrupe"},"content":{"rendered":"\t\t<div data-elementor-type=\"wp-page\" data-elementor-id=\"25\" class=\"elementor elementor-25\" data-elementor-settings=\"{&quot;ha_cmc_init_switcher&quot;:&quot;no&quot;}\" data-elementor-post-type=\"page\">\n\t\t\t\t<div class=\"elementor-element elementor-element-9eb63df e-con-full e-flex e-con e-parent\" data-id=\"9eb63df\" data-element_type=\"container\" data-e-type=\"container\" data-settings=\"{&quot;background_background&quot;:&quot;classic&quot;,&quot;_ha_eqh_enable&quot;:false}\">\n\t\t<div class=\"elementor-element elementor-element-4fba782 e-flex e-con-boxed e-con e-child\" data-id=\"4fba782\" data-element_type=\"container\" data-e-type=\"container\" data-settings=\"{&quot;_ha_eqh_enable&quot;:false}\">\n\t\t\t\t\t<div class=\"e-con-inner\">\n\t\t\t\t<div class=\"elementor-element elementor-element-89f8a98 elementor-widget elementor-widget-spacer\" data-id=\"89f8a98\" data-element_type=\"widget\" data-e-type=\"widget\" data-widget_type=\"spacer.default\">\n\t\t\t\t<div class=\"elementor-widget-container\">\n\t\t\t\t\t\t\t<div class=\"elementor-spacer\">\n\t\t\t<div class=\"elementor-spacer-inner\"><\/div>\n\t\t<\/div>\n\t\t\t\t\t\t<\/div>\n\t\t\t\t<\/div>\n\t\t\t\t<div class=\"elementor-element elementor-element-f5cfc99 elementor-widget elementor-widget-heading\" data-id=\"f5cfc99\" data-element_type=\"widget\" data-e-type=\"widget\" data-widget_type=\"heading.default\">\n\t\t\t\t<div class=\"elementor-widget-container\">\n\t\t\t\t\t<h2 class=\"elementor-heading-title elementor-size-default\">La Biograf\u00eda del Padre Pedro Arrupe, SJ :::<\/h2>\t\t\t\t<\/div>\n\t\t\t\t<\/div>\n\t\t\t\t<div class=\"elementor-element elementor-element-b2af582 elementor-widget elementor-widget-spacer\" data-id=\"b2af582\" data-element_type=\"widget\" data-e-type=\"widget\" data-widget_type=\"spacer.default\">\n\t\t\t\t<div class=\"elementor-widget-container\">\n\t\t\t\t\t\t\t<div class=\"elementor-spacer\">\n\t\t\t<div class=\"elementor-spacer-inner\"><\/div>\n\t\t<\/div>\n\t\t\t\t\t\t<\/div>\n\t\t\t\t<\/div>\n\t\t\t\t\t<\/div>\n\t\t\t\t<\/div>\n\t\t\t\t<\/div>\n\t\t<div class=\"elementor-element elementor-element-253f8c9 e-flex e-con-boxed e-con e-parent\" data-id=\"253f8c9\" data-element_type=\"container\" data-e-type=\"container\" data-settings=\"{&quot;_ha_eqh_enable&quot;:false}\">\n\t\t\t\t\t<div class=\"e-con-inner\">\n\t\t<div class=\"elementor-element elementor-element-ca1cf09 e-con-full e-flex e-con e-child\" data-id=\"ca1cf09\" data-element_type=\"container\" data-e-type=\"container\" data-settings=\"{&quot;_ha_eqh_enable&quot;:false}\">\n\t\t\t\t<div class=\"elementor-element elementor-element-9488d1f elementor-widget elementor-widget-heading\" data-id=\"9488d1f\" data-element_type=\"widget\" data-e-type=\"widget\" data-widget_type=\"heading.default\">\n\t\t\t\t<div class=\"elementor-widget-container\">\n\t\t\t\t\t<h2 class=\"elementor-heading-title elementor-size-default\">Prop\u00f3sito General de la Compa\u00f1\u00eda de Jes\u00fas.<\/h2>\t\t\t\t<\/div>\n\t\t\t\t<\/div>\n\t\t\t\t<div class=\"elementor-element elementor-element-f7c0397 elementor-widget elementor-widget-heading\" data-id=\"f7c0397\" data-element_type=\"widget\" data-e-type=\"widget\" data-widget_type=\"heading.default\">\n\t\t\t\t<div class=\"elementor-widget-container\">\n\t\t\t\t\t<h2 class=\"elementor-heading-title elementor-size-default\">Nace el 14 de noviembre de 1907 en Bilbao.\n\n<\/h2>\t\t\t\t<\/div>\n\t\t\t\t<\/div>\n\t\t\t\t<div class=\"elementor-element elementor-element-72dce1f elementor-widget elementor-widget-text-editor\" data-id=\"72dce1f\" data-element_type=\"widget\" data-e-type=\"widget\" data-widget_type=\"text-editor.default\">\n\t\t\t\t<div class=\"elementor-widget-container\">\n\t\t\t\t\t\t\t\t\t<p>En 1923 comienza el primer curso de Medicina en la Facultad de San Carlos de Madrid. Las nota de su carrera son extraordinarias: en casi todas las asignaturas, sobresaliente y matr\u00edcula de honor. Severo Ochoa, quien llega al Premio Nobel y entonces era condisc\u00edpulo de Arrupe, confesar\u00eda m\u00e1s tarde: Pedro me quit\u00f3 aquel a\u00f1o el premio extraordinario. En julio de 1926, durante sus pr\u00e1cticas con los enfermos, viaj\u00f3 a Lourdes, donde fue testigo de curaciones extraordinarias. Sobre ellas escribi\u00f3: Sent\u00ed a Dios tan cerca en sus milagros, que me arrastr\u00f3 violentamente detr\u00e1s de s\u00ed.<\/p><p>Su padre muere en 1926 y un a\u00f1o despu\u00e9s Arrupe ingresa a la Compa\u00f1\u00eda de Jes\u00fas. El 30 de julio de 1936 recibe la ordenaci\u00f3n sacerdotal en Marneffe (B\u00e9lgica) y en septiembre se traslada a los Estados Unidos para realizar estudios de moral m\u00e9dica.<\/p><p>Al terminar, recibe una carta del Padre General de los Jesuitas destin\u00e1ndole a la misi\u00f3n de Jap\u00f3n, misi\u00f3n que hab\u00eda solicitado ya muchas veces a sus superiores. Como rector del noviciado de Yamaguchi, cerca de Hiroshima, fue testigo de primera mano de los efectos de la bomba at\u00f3mica lanzada el 6 de agosto de 1945; el noviciado qued\u00f3 convertido en hospital de primeros auxilios y sus conocimientos m\u00e9dicos ayudaron a salvar la vida de cientos de personas. A\u00f1os despu\u00e9s, relatar\u00eda su experiencia en un libro de impacto (\u201cYo viv\u00ed la bomba at\u00f3mica\u201d), y explicar\u00eda los efectos de la radiaci\u00f3n nuclear en cuatro giras mundiales realizadas entre 1950 y 1962. Fue nombrado Primer Provincial de Jap\u00f3n en 1958.<\/p><p>El 22 de mayo de 1965, por amplia mayor\u00eda, es electo el 28 sucesor de San Ignacio de Loyola como Superior General de la Compa\u00f1\u00eda de Jes\u00fas. Su mandato se caracteriz\u00f3 por una decidida renovaci\u00f3n de la misi\u00f3n de los jesuitas en el mundo actual. La justicia social ser\u00eda, a partir de entonces, un objetivo fundamental de la Compa\u00f1\u00eda. Lleno de valor, de visi\u00f3n del presente y del futuro, y sobre todo de una inquebrantable fe en Dios, tuvo que sufrir incomprensiones y contradicciones de todas partes; incluso, a veces, de las m\u00e1s altas instancias de la Iglesia. Pero marc\u00f3 unos derroteros, hoy ya imborrables para la Compa\u00f1\u00eda de Jes\u00fas, que no dejar\u00eda de influir tambi\u00e9n en otros sectores de la sociedad humana. Present\u00f3 su dimisi\u00f3n el 28 de abril de 1980, en 1981 sufro una trombosis cerebral, de la que nunca se recuper\u00f3 totalmente. En 1983 fue sustituido por el neerland\u00e9s Peter-Hans Kolvenbach.<\/p><p>Muri\u00f3 el 5 de febrero de 1991 en Roma.<\/p><p>El 31 de julio de 2013, SS. Francisco, el primer Papa Jesuita en concluir la Celebraci\u00f3n Eucar\u00edstica or\u00f3 ante la tumba del P. Pedro Arrupe, SJ, en la Iglesia de Ges\u00fa en Roma.<\/p><p>En reconocimiento a la figura de este bilba\u00edno universal, un gran jesuita, y dada su reconocida trayectoria en la lucha por la justicia y los derechos humanos, nuestro bachillerato lleva su nombre.<\/p>\t\t\t\t\t\t\t\t<\/div>\n\t\t\t\t<\/div>\n\t\t\t\t<\/div>\n\t\t<div class=\"elementor-element elementor-element-e8232c0 e-con-full e-flex e-con e-child\" data-id=\"e8232c0\" data-element_type=\"container\" data-e-type=\"container\" data-settings=\"{&quot;_ha_eqh_enable&quot;:false}\">\n\t\t\t\t<div class=\"elementor-element elementor-element-13cdc6a elementor-widget elementor-widget-image\" data-id=\"13cdc6a\" data-element_type=\"widget\" data-e-type=\"widget\" data-widget_type=\"image.default\">\n\t\t\t\t<div class=\"elementor-widget-container\">\n\t\t\t\t\t\t\t\t\t\t\t\t\t\t\t<img fetchpriority=\"high\" decoding=\"async\" width=\"285\" height=\"358\" src=\"\/wp-content\/uploads\/2024\/01\/biografia.png\" class=\"attachment-large size-large wp-image-105\" alt=\"\" srcset=\"\/wp-content\/uploads\/2024\/01\/biografia.png 285w, \/wp-content\/uploads\/2024\/01\/biografia-239x300.png 239w\" sizes=\"(max-width: 285px) 100vw, 285px\" \/>\t\t\t\t\t\t\t\t\t\t\t\t\t\t\t<\/div>\n\t\t\t\t<\/div>\n\t\t\t\t<\/div>\n\t\t\t\t\t<\/div>\n\t\t\t\t<\/div>\n\t\t\t\t<\/div>\n\t\t","protected":false},"excerpt":{"rendered":"<p>La Biograf\u00eda del Padre Pedro Arrupe, SJ ::: Prop\u00f3sito General de la Compa\u00f1\u00eda de Jes\u00fas. Nace el 14 de noviembre de 1907 en Bilbao. En 1923 comienza el primer curso de Medicina en la Facultad de San Carlos de Madrid. Las nota de su carrera son extraordinarias: en casi todas las asignaturas, sobresaliente y matr\u00edcula [&hellip;]<\/p>\n","protected":false},"author":1,"featured_media":0,"parent":0,"menu_order":0,"comment_status":"closed","ping_status":"closed","template":"","meta":{"inline_featured_image":false,"footnotes":""},"class_list":["post-25","page","type-page","status-publish","hentry"],"_links":{"self":[{"href":"https:\/\/www.bachilleratopedroarrupesj.mx\/index.php\/wp-json\/wp\/v2\/pages\/25","targetHints":{"allow":["GET"]}}],"collection":[{"href":"https:\/\/www.bachilleratopedroarrupesj.mx\/index.php\/wp-json\/wp\/v2\/pages"}],"about":[{"href":"https:\/\/www.bachilleratopedroarrupesj.mx\/index.php\/wp-json\/wp\/v2\/types\/page"}],"author":[{"embeddable":true,"href":"https:\/\/www.bachilleratopedroarrupesj.mx\/index.php\/wp-json\/wp\/v2\/users\/1"}],"replies":[{"embeddable":true,"href":"https:\/\/www.bachilleratopedroarrupesj.mx\/index.php\/wp-json\/wp\/v2\/comments?post=25"}],"version-history":[{"count":13,"href":"https:\/\/www.bachilleratopedroarrupesj.mx\/index.php\/wp-json\/wp\/v2\/pages\/25\/revisions"}],"predecessor-version":[{"id":111,"href":"https:\/\/www.bachilleratopedroarrupesj.mx\/index.php\/wp-json\/wp\/v2\/pages\/25\/revisions\/111"}],"wp:attachment":[{"href":"https:\/\/www.bachilleratopedroarrupesj.mx\/index.php\/wp-json\/wp\/v2\/media?parent=25"}],"curies":[{"name":"wp","href":"https:\/\/api.w.org\/{rel}","templated":true}]}}